{"id":1841,"date":"2015-10-19T15:26:16","date_gmt":"2015-10-19T13:26:16","guid":{"rendered":"http:\/\/www.padovagrandeguerra.it\/?page_id=1841"},"modified":"2015-10-19T15:28:09","modified_gmt":"2015-10-19T13:28:09","slug":"mattia-massaro","status":"publish","type":"page","link":"https:\/\/www.padovagrandeguerra.it\/?page_id=1841","title":{"rendered":"Mattia Massaro"},"content":{"rendered":"<p><strong>Mattia Massaro<\/strong> \u00e8 laureato in Scienze sociologiche e in Scienze del governo e politiche pubbliche all&#8217;Universit\u00e0 di Padova. Nel 2010 si \u00e8 qualificato al secondo posto nella graduatoria del concorso &#8220;Gli studenti universitari incontrano professore Gino Giugni&#8221; promosso da SPI-CGIL Veneto e nel 2012 ha pubblicato <em>Gino Giugni. Riflessioni sul mondo del lavoro<\/em>, edito da Cleup. \u00c8 stato anche vincitore della 4a edizione del concorso di poesie &#8220;Rosanna Perri&#8221;.<\/p>\n<p>Nel 2015, sempre per la Cleup, \u00e8 uscito <em>L&#8217;Amministrazione Comunale di Saonara negli anni della Prima Guerra Mondiale &#8211; Uomini, progetti e realizzazioni<\/em>.<\/p>\n","protected":false},"excerpt":{"rendered":"<div class=\"mh-excerpt\"><p>Mattia Massaro \u00e8 laureato in Scienze sociologiche e in Scienze del governo e politiche pubbliche all&#8217;Universit\u00e0 di Padova. Nel 2010 si \u00e8 qualificato al secondo <a class=\"mh-excerpt-more\" href=\"https:\/\/www.padovagrandeguerra.it\/?page_id=1841\" title=\"Mattia Massaro\">[&#8230;]<\/a><\/p>\n<\/div>","protected":false},"author":1,"featured_media":0,"parent":0,"menu_order":0,"comment_status":"open","ping_status":"open","template":"","meta":[],"_links":{"self":[{"href":"https:\/\/www.padovagrandeguerra.it\/index.php?rest_route=\/wp\/v2\/pages\/1841"}],"collection":[{"href":"https:\/\/www.padovagrandeguerra.it\/index.php?rest_route=\/wp\/v2\/pages"}],"about":[{"href":"https:\/\/www.padovagrandeguerra.it\/index.php?rest_route=\/wp\/v2\/types\/page"}],"author":[{"embeddable":true,"href":"https:\/\/www.padovagrandeguerra.it\/index.php?rest_route=\/wp\/v2\/users\/1"}],"replies":[{"embeddable":true,"href":"https:\/\/www.padovagrandeguerra.it\/index.php?rest_route=%2Fwp%2Fv2%2Fcomments&post=1841"}],"version-history":[{"count":1,"href":"https:\/\/www.padovagrandeguerra.it\/index.php?rest_route=\/wp\/v2\/pages\/1841\/revisions"}],"predecessor-version":[{"id":1842,"href":"https:\/\/www.padovagrandeguerra.it\/index.php?rest_route=\/wp\/v2\/pages\/1841\/revisions\/1842"}],"wp:attachment":[{"href":"https:\/\/www.padovagrandeguerra.it\/index.php?rest_route=%2Fwp%2Fv2%2Fmedia&parent=1841"}],"curies":[{"name":"wp","href":"https:\/\/api.w.org\/{rel}","templated":true}]}}